                                                                                                                {"id":15043,"date":"2022-07-17T19:17:15","date_gmt":"2022-07-17T22:17:15","guid":{"rendered":"https:\/\/prodismo.com\/?page_id=15043"},"modified":"2023-03-28T09:37:54","modified_gmt":"2023-03-28T12:37:54","slug":"nuestra-historia","status":"publish","type":"page","link":"https:\/\/prodismo.com\/en\/nuestra-historia\/","title":{"rendered":"Our history"},"content":{"rendered":"<div data-elementor-type=\"wp-page\" data-elementor-id=\"15043\" class=\"elementor elementor-15043\">\n\t\t\t\t\t\t\t        <section class=\"elementor-section elementor-top-section elementor-element elementor-element-a767c8d elementor-section-boxed elementor-section-height-default elementor-section-height-default ct-header-fixed-none ct-column-none ct-row-scroll-none ct-row-gradient--none ct-row-container--default\" data-id=\"a767c8d\" data-element_type=\"section\">\n            \n                        <div class=\"elementor-container elementor-column-gap-default\">\n                    <div class=\"elementor-column elementor-col-100 elementor-top-column elementor-element elementor-element-2c3187a ct-column-none col-offset-none\" data-id=\"2c3187a\" data-element_type=\"column\">\n            <div class=\"elementor-widget-wrap elementor-element-populated\">\n                        \t\t<div class=\"elementor-element elementor-element-e244fed elementor-widget elementor-widget-ct_video_player\" data-id=\"e244fed\" data-element_type=\"widget\" data-widget_type=\"ct_video_player.default\">\n\t\t\t\t<div class=\"elementor-widget-container\">\n\t\t\t<div class=\"ct-video-player ct-video-style1\" data-wow-delay=\"ms\">\r\n    <div class=\"ct-video-box\">\r\n                    <\/div>\r\n<\/div>\t\t<\/div>\n\t\t\t\t<\/div>\n\t\t            <\/div>\n        <\/div>\n                            <\/div>\n        <\/section>\n                <section class=\"elementor-section elementor-top-section elementor-element elementor-element-98cc954 elementor-section-boxed elementor-section-height-default elementor-section-height-default ct-header-fixed-none ct-column-none ct-row-scroll-none ct-row-gradient--none ct-row-container--default\" data-id=\"98cc954\" data-element_type=\"section\">\n            \n                        <div class=\"elementor-container elementor-column-gap-default\">\n                    <div class=\"elementor-column elementor-col-100 elementor-top-column elementor-element elementor-element-5d48164 ct-column-none col-offset-none\" data-id=\"5d48164\" data-element_type=\"column\">\n            <div class=\"elementor-widget-wrap elementor-element-populated\">\n                        \t\t<div class=\"elementor-element elementor-element-3ef2bcc elementor-aspect-ratio-169 elementor-widget elementor-widget-video\" data-id=\"3ef2bcc\" data-element_type=\"widget\" data-settings=\"{&quot;youtube_url&quot;:&quot;https:\\\/\\\/youtu.be\\\/KpEQMP-CQb8&quot;,&quot;show_image_overlay&quot;:&quot;yes&quot;,&quot;image_overlay&quot;:{&quot;url&quot;:&quot;https:\\\/\\\/prodismo.com\\\/wp-content\\\/uploads\\\/2022\\\/06\\\/planta-aerea-2.jpg&quot;,&quot;id&quot;:14741,&quot;size&quot;:&quot;&quot;,&quot;alt&quot;:&quot;&quot;,&quot;source&quot;:&quot;library&quot;},&quot;video_type&quot;:&quot;youtube&quot;,&quot;controls&quot;:&quot;yes&quot;,&quot;aspect_ratio&quot;:&quot;169&quot;}\" data-widget_type=\"video.default\">\n\t\t\t\t<div class=\"elementor-widget-container\">\n\t\t\t<style>\/*! elementor - v3.9.2 - 21-12-2022 *\/\n.elementor-widget-video .elementor-widget-container{overflow:hidden;transform:translateZ(0)}.elementor-widget-video .elementor-open-inline .elementor-custom-embed-image-overlay{position:absolute;top:0;left:0;width:100%;height:100%;background-size:cover;background-position:50%}.elementor-widget-video .elementor-custom-embed-image-overlay{cursor:pointer;text-align:center}.elementor-widget-video .elementor-custom-embed-image-overlay:hover .elementor-custom-embed-play i{opacity:1}.elementor-widget-video .elementor-custom-embed-image-overlay img{display:block;width:100%}.elementor-widget-video .e-hosted-video .elementor-video{-o-object-fit:cover;object-fit:cover}.e-con-inner>.elementor-widget-video,.e-con>.elementor-widget-video{width:var(--container-widget-width);--flex-grow:var(--container-widget-flex-grow)}<\/style>\t\t<div class=\"elementor-wrapper elementor-fit-aspect-ratio elementor-open-inline\">\n\t\t\t<div class=\"elementor-video\"><\/div>\t\t\t\t<div class=\"elementor-custom-embed-image-overlay\" style=\"background-image: url(https:\/\/prodismo.com\/wp-content\/uploads\/2022\/06\/planta-aerea-2.jpg);\">\n\t\t\t\t\t\t\t\t\t\t\t\t\t\t\t\t<div class=\"elementor-custom-embed-play\" role=\"button\" aria-label=\"Play Video\" tabindex=\"0\">\n\t\t\t\t\t\t\t<svg aria-hidden=\"true\" class=\"e-font-icon-svg e-eicon-play\" viewbox=\"0 0 1000 1000\" xmlns=\"http:\/\/www.w3.org\/2000\/svg\"><path d=\"M838 162C746 71 633 25 500 25 371 25 258 71 163 162 71 254 25 367 25 500 25 633 71 746 163 837 254 929 367 979 500 979 633 979 746 933 838 837 929 746 975 633 975 500 975 367 929 254 838 162M808 192C892 279 933 379 933 500 933 621 892 725 808 808 725 892 621 938 500 938 379 938 279 896 196 808 113 725 67 621 67 500 67 379 108 279 196 192 279 108 383 62 500 62 621 62 721 108 808 192M438 392V642L642 517 438 392Z\"><\/path><\/svg>\t\t\t\t\t\t\t<span class=\"elementor-screen-only\">Play Video<\/span>\n\t\t\t\t\t\t<\/div>\n\t\t\t\t\t\t\t\t\t<\/div>\n\t\t\t\t\t<\/div>\n\t\t\t\t<\/div>\n\t\t\t\t<\/div>\n\t\t            <\/div>\n        <\/div>\n                            <\/div>\n        <\/section>\n                <section class=\"elementor-section elementor-top-section elementor-element elementor-element-7eb2952 elementor-section-boxed elementor-section-height-default elementor-section-height-default ct-header-fixed-none ct-column-none ct-row-scroll-none ct-row-gradient--none ct-row-container--default\" data-id=\"7eb2952\" data-element_type=\"section\">\n            \n                        <div class=\"elementor-container elementor-column-gap-default\">\n                    <div class=\"elementor-column elementor-col-100 elementor-top-column elementor-element elementor-element-d22b8e3 ct-column-none col-offset-none\" data-id=\"d22b8e3\" data-element_type=\"column\">\n            <div class=\"elementor-widget-wrap elementor-element-populated\">\n                        \t\t<div class=\"elementor-element elementor-element-f8002ca elementor-widget elementor-widget-ct_heading\" data-id=\"f8002ca\" data-element_type=\"widget\" data-widget_type=\"ct_heading.default\">\n\t\t\t\t<div class=\"elementor-widget-container\">\n\t\t\t<div id=\"ct_heading-f8002ca\" class=\"ct-heading h-align-left item-line-title\">\r\n    <div class=\"heading-wrapper\">\r\n        <div class=\"inner-heading\">\r\n                              <h4 class=\"title-holder\">\r\n                  Our history                <\/h4>\r\n                          \t                <h3 class=\"item--title case-animate-time line-title\" data-wow-delay=\"ms\">\r\n                    <span>Milestones<\/span>                <\/h3>\r\n        <\/div>\r\n    <\/div>\r\n<\/div>\r\n\t\t<\/div>\n\t\t\t\t<\/div>\n\t\t\t\t<div class=\"elementor-element elementor-element-f84961a elementor-widget elementor-widget-mdp-timeliner-elementor\" data-id=\"f84961a\" data-element_type=\"widget\" data-widget_type=\"mdp-timeliner-elementor.default\">\n\t\t\t\t<div class=\"elementor-widget-container\">\n\t\t\t\n        <!-- Start Timeliner WordPress Plugin -->\n\n        <div id=\"mdp-timeline-f84961a\" class=\"timeline mdp-timeline-f84961a\">\n            <div class=\"timeline__wrap\">\n                <div class=\"timeline__items\">\n                    \n       <div class=\"timeline__item\">\n            <div class=\"timeline__content\">\n                \n        <img decoding=\"async\" src=\"\"\n             class=\"mdp-timeliner-image\"\n             alt=\"\"\/>\n\n                <h6 class=\"mdp-timeliner-title\">\n            <span><\/span>\n            1983            <span><\/span>\n        <\/h6>\n            <p class=\"mdp-timeliner-description\">\n            <span><\/span>\n            First export to Venezuela            <span><\/span>\n        <\/p>\n              <\/div>\n       <\/div>\n\n    \n       <div class=\"timeline__item\">\n            <div class=\"timeline__content\">\n                \n        <img decoding=\"async\" src=\"https:\/\/prodismo.com\/wp-content\/uploads\/2022\/06\/13.png\"\n             class=\"mdp-timeliner-image\"\n             alt=\"\"\/>\n\n                <h6 class=\"mdp-timeliner-title\">\n            <span><\/span>\n            1995            <span><\/span>\n        <\/h6>\n            <p class=\"mdp-timeliner-description\">\n            <span><\/span>\n            Alliance with Fanuc            <span><\/span>\n        <\/p>\n              <\/div>\n       <\/div>\n\n    \n       <div class=\"timeline__item\">\n            <div class=\"timeline__content\">\n                \n        <img decoding=\"async\" src=\"\"\n             class=\"mdp-timeliner-image\"\n             alt=\"\"\/>\n\n                <h6 class=\"mdp-timeliner-title\">\n            <span><\/span>\n            1996            <span><\/span>\n        <\/h6>\n            <p class=\"mdp-timeliner-description\">\n            <span><\/span>\n            Start of plant operations devices            <span><\/span>\n        <\/p>\n              <\/div>\n       <\/div>\n\n    \n       <div class=\"timeline__item\">\n            <div class=\"timeline__content\">\n                \n        <img decoding=\"async\" src=\"https:\/\/prodismo.com\/wp-content\/uploads\/2022\/06\/14.png\"\n             class=\"mdp-timeliner-image\"\n             alt=\"\"\/>\n\n                <h6 class=\"mdp-timeliner-title\">\n            <span><\/span>\n            1997            <span><\/span>\n        <\/h6>\n            <p class=\"mdp-timeliner-description\">\n            <span><\/span>\n            Strategic alliance with Progressive Tool &amp; Co.            <span><\/span>\n        <\/p>\n              <\/div>\n       <\/div>\n\n    \n       <div class=\"timeline__item\">\n            <div class=\"timeline__content\">\n                \n        <img decoding=\"async\" src=\"https:\/\/prodismo.com\/wp-content\/uploads\/2022\/06\/800x800-Prodismo.png\"\n             class=\"mdp-timeliner-image\"\n             alt=\"\"\/>\n\n                <h6 class=\"mdp-timeliner-title\">\n            <span><\/span>\n            2000            <span><\/span>\n        <\/h6>\n            <p class=\"mdp-timeliner-description\">\n            <span><\/span>\n            Constitution of Trhemsa, start of formation            <span><\/span>\n        <\/p>\n              <\/div>\n       <\/div>\n\n    \n       <div class=\"timeline__item\">\n            <div class=\"timeline__content\">\n                \n        <img decoding=\"async\" src=\"https:\/\/prodismo.com\/wp-content\/uploads\/2022\/06\/800x800-Prodismo.png\"\n             class=\"mdp-timeliner-image\"\n             alt=\"\"\/>\n\n                <h6 class=\"mdp-timeliner-title\">\n            <span><\/span>\n            2001            <span><\/span>\n        <\/h6>\n            <p class=\"mdp-timeliner-description\">\n            <span><\/span>\n            Start of operations in Mexico\u00a0            <span><\/span>\n        <\/p>\n              <\/div>\n       <\/div>\n\n    \n       <div class=\"timeline__item\">\n            <div class=\"timeline__content\">\n                \n        <img decoding=\"async\" src=\"https:\/\/prodismo.com\/wp-content\/uploads\/2022\/06\/16.png\"\n             class=\"mdp-timeliner-image\"\n             alt=\"\"\/>\n\n                <h6 class=\"mdp-timeliner-title\">\n            <span><\/span>\n            2002            <span><\/span>\n        <\/h6>\n            <p class=\"mdp-timeliner-description\">\n            <span><\/span>\n            Prodismo do Brasil Constitution            <span><\/span>\n        <\/p>\n              <\/div>\n       <\/div>\n\n    \n       <div class=\"timeline__item\">\n            <div class=\"timeline__content\">\n                \n        <img decoding=\"async\" src=\"\"\n             class=\"mdp-timeliner-image\"\n             alt=\"\"\/>\n\n                <h6 class=\"mdp-timeliner-title\">\n            <span><\/span>\n            2005            <span><\/span>\n        <\/h6>\n            <p class=\"mdp-timeliner-description\">\n            <span><\/span>\n            Unification of operations at the Av Jap\u00f3n plant            <span><\/span>\n        <\/p>\n              <\/div>\n       <\/div>\n\n    \n       <div class=\"timeline__item\">\n            <div class=\"timeline__content\">\n                \n        <img decoding=\"async\" src=\"\"\n             class=\"mdp-timeliner-image\"\n             alt=\"\"\/>\n\n                <h6 class=\"mdp-timeliner-title\">\n            <span><\/span>\n            2006            <span><\/span>\n        <\/h6>\n            <p class=\"mdp-timeliner-description\">\n            <span><\/span>\n            Consolidation, growth, technology transfer            <span><\/span>\n        <\/p>\n              <\/div>\n       <\/div>\n\n                    <\/div>\n            <\/div>\n        <\/div>\n\n        <script>\n                        document.addEventListener(\"DOMContentLoaded\", function() {\n            \n            window.MDPTimeliner_f84961a = function () {\n                \n                                jQuery('#mdp-timeline-f84961a').timeline({\n                    mode: 'horizontal',\n                    horizontalStartPosition: 'top',\n                    moveItems: '8',\n                    rtlMode: false,\n                    startIndex: 0,\n                    forceVerticalMode: 800,\n                    visibleItems: 6,\n                } );\n                            }\n\n            window.MDPTimeliner_f84961a();\n\n                        } );\n                    <\/script>\n\n        <!-- End Timeliner WordPress Plugin -->\n\n\t    \t\t<\/div>\n\t\t\t\t<\/div>\n\t\t            <\/div>\n        <\/div>\n                            <\/div>\n        <\/section>\n        \t\t\t\t\t<\/div>","protected":false},"excerpt":{"rendered":"<p>Nuestra historia Hitos 1983 Primera exportaci\u00f3n a Venezuela 1995 Alianza con Fanuc 1996 Inicio operaciones en planta dispositivos 1997 Alianza estrat\u00e9gica con Progressive Tool &amp; Co. 2000 Constituci\u00f3n de Trhemsa, inicio formaci\u00f3n 2001 Inicio operaciones en M\u00e9xico 2002 Constituci\u00f3n Prodismo do Brasil 2005 Unificaci\u00f3n de operaciones en planta Av Jap\u00f3n 2006 Consolidaci\u00f3n, crecimiento, transferencia de [&hellip;]<\/p>","protected":false},"author":1,"featured_media":0,"parent":0,"menu_order":0,"comment_status":"closed","ping_status":"closed","template":"","meta":{"footnotes":""},"class_list":["post-15043","page","type-page","status-publish","hentry"],"_links":{"self":[{"href":"https:\/\/prodismo.com\/en\/wp-json\/wp\/v2\/pages\/15043","targetHints":{"allow":["GET"]}}],"collection":[{"href":"https:\/\/prodismo.com\/en\/wp-json\/wp\/v2\/pages"}],"about":[{"href":"https:\/\/prodismo.com\/en\/wp-json\/wp\/v2\/types\/page"}],"author":[{"embeddable":true,"href":"https:\/\/prodismo.com\/en\/wp-json\/wp\/v2\/users\/1"}],"replies":[{"embeddable":true,"href":"https:\/\/prodismo.com\/en\/wp-json\/wp\/v2\/comments?post=15043"}],"version-history":[{"count":25,"href":"https:\/\/prodismo.com\/en\/wp-json\/wp\/v2\/pages\/15043\/revisions"}],"predecessor-version":[{"id":15996,"href":"https:\/\/prodismo.com\/en\/wp-json\/wp\/v2\/pages\/15043\/revisions\/15996"}],"wp:attachment":[{"href":"https:\/\/prodismo.com\/en\/wp-json\/wp\/v2\/media?parent=15043"}],"curies":[{"name":"wp","href":"https:\/\/api.w.org\/{rel}","templated":true}]}}