                                                                                                                {"id":14915,"date":"2022-07-13T16:32:37","date_gmt":"2022-07-13T19:32:37","guid":{"rendered":"https:\/\/prodismo.com\/?page_id=14915"},"modified":"2023-06-19T19:37:51","modified_gmt":"2023-06-19T22:37:51","slug":"alejandro-pedrosa","status":"publish","type":"page","link":"https:\/\/prodismo.com\/en\/alejandro-pedrosa\/","title":{"rendered":"Alejandro Pedrosa"},"content":{"rendered":"<div data-elementor-type=\"wp-page\" data-elementor-id=\"14915\" class=\"elementor elementor-14915\">\n\t\t\t\t\t\t\t        <section class=\"elementor-section elementor-top-section elementor-element elementor-element-6589563 elementor-section-boxed elementor-section-height-default elementor-section-height-default ct-header-fixed-none ct-column-none ct-row-scroll-none ct-row-gradient--none ct-row-container--default\" data-id=\"6589563\" data-element_type=\"section\">\n            \n                        <div class=\"elementor-container elementor-column-gap-default\">\n                    <div class=\"elementor-column elementor-col-100 elementor-top-column elementor-element elementor-element-858a6c1 ct-column-none col-offset-none\" data-id=\"858a6c1\" data-element_type=\"column\">\n            <div class=\"elementor-widget-wrap elementor-element-populated\">\n                        \t\t<div class=\"elementor-element elementor-element-4034db7 elementor-aspect-ratio-169 elementor-widget elementor-widget-video\" data-id=\"4034db7\" data-element_type=\"widget\" data-settings=\"{&quot;youtube_url&quot;:&quot;https:\\\/\\\/www.youtube.com\\\/watch?v=8Q2krZx8i5w&quot;,&quot;show_image_overlay&quot;:&quot;yes&quot;,&quot;image_overlay&quot;:{&quot;url&quot;:&quot;https:\\\/\\\/prodismo.com\\\/wp-content\\\/uploads\\\/2022\\\/07\\\/alejandro-pedrosa-masterclass.jpg&quot;,&quot;id&quot;:14916,&quot;alt&quot;:&quot;&quot;,&quot;source&quot;:&quot;library&quot;},&quot;video_type&quot;:&quot;youtube&quot;,&quot;controls&quot;:&quot;yes&quot;,&quot;aspect_ratio&quot;:&quot;169&quot;}\" data-widget_type=\"video.default\">\n\t\t\t\t<div class=\"elementor-widget-container\">\n\t\t\t<style>\/*! elementor - v3.9.2 - 21-12-2022 *\/\n.elementor-widget-video .elementor-widget-container{overflow:hidden;transform:translateZ(0)}.elementor-widget-video .elementor-open-inline .elementor-custom-embed-image-overlay{position:absolute;top:0;left:0;width:100%;height:100%;background-size:cover;background-position:50%}.elementor-widget-video .elementor-custom-embed-image-overlay{cursor:pointer;text-align:center}.elementor-widget-video .elementor-custom-embed-image-overlay:hover .elementor-custom-embed-play i{opacity:1}.elementor-widget-video .elementor-custom-embed-image-overlay img{display:block;width:100%}.elementor-widget-video .e-hosted-video .elementor-video{-o-object-fit:cover;object-fit:cover}.e-con-inner>.elementor-widget-video,.e-con>.elementor-widget-video{width:var(--container-widget-width);--flex-grow:var(--container-widget-flex-grow)}<\/style>\t\t<div class=\"elementor-wrapper elementor-fit-aspect-ratio elementor-open-inline\">\n\t\t\t<div class=\"elementor-video\"><\/div>\t\t\t\t<div class=\"elementor-custom-embed-image-overlay\" style=\"background-image: url(https:\/\/prodismo.com\/wp-content\/uploads\/2022\/07\/alejandro-pedrosa-masterclass.jpg);\">\n\t\t\t\t\t\t\t\t\t\t\t\t\t\t\t\t<div class=\"elementor-custom-embed-play\" role=\"button\" aria-label=\"Play Video\" tabindex=\"0\">\n\t\t\t\t\t\t\t<svg aria-hidden=\"true\" class=\"e-font-icon-svg e-eicon-play\" viewbox=\"0 0 1000 1000\" xmlns=\"http:\/\/www.w3.org\/2000\/svg\"><path d=\"M838 162C746 71 633 25 500 25 371 25 258 71 163 162 71 254 25 367 25 500 25 633 71 746 163 837 254 929 367 979 500 979 633 979 746 933 838 837 929 746 975 633 975 500 975 367 929 254 838 162M808 192C892 279 933 379 933 500 933 621 892 725 808 808 725 892 621 938 500 938 379 938 279 896 196 808 113 725 67 621 67 500 67 379 108 279 196 192 279 108 383 62 500 62 621 62 721 108 808 192M438 392V642L642 517 438 392Z\"><\/path><\/svg>\t\t\t\t\t\t\t<span class=\"elementor-screen-only\">Play Video<\/span>\n\t\t\t\t\t\t<\/div>\n\t\t\t\t\t\t\t\t\t<\/div>\n\t\t\t\t\t<\/div>\n\t\t\t\t<\/div>\n\t\t\t\t<\/div>\n\t\t            <\/div>\n        <\/div>\n                            <\/div>\n        <\/section>\n                <section class=\"elementor-section elementor-top-section elementor-element elementor-element-9df05bd elementor-section-boxed elementor-section-height-default elementor-section-height-default ct-header-fixed-none ct-column-none ct-row-scroll-none ct-row-gradient--none ct-row-container--default\" data-id=\"9df05bd\" data-element_type=\"section\">\n            \n                        <div class=\"elementor-container elementor-column-gap-default\">\n                    <div class=\"elementor-column elementor-col-100 elementor-top-column elementor-element elementor-element-e087530 ct-column-none col-offset-none\" data-id=\"e087530\" data-element_type=\"column\">\n            <div class=\"elementor-widget-wrap elementor-element-populated\">\n                        \t\t<div class=\"elementor-element elementor-element-f0233e6 elementor-widget elementor-widget-ct_text_editor\" data-id=\"f0233e6\" data-element_type=\"widget\" data-widget_type=\"ct_text_editor.default\">\n\t\t\t\t<div class=\"elementor-widget-container\">\n\t\t\t<div id=\"ct_text_editor-f0233e6\" class=\"ct-text-editor\" data-wow-delay=\"ms\">\n\t<div class=\"ct-inline-css\"  data-css=\"        \t\t\">\n\n    <\/div>\n\t<div class=\"ct-text-editor-inner elementor-clearfix\">\n\t\t<p>ADIMRA \u2013 November 2011<\/p><h5><strong>\u201cTHE INDUSTRIAL ENTREPRENEUR HAS A MAXIMUM RESPONSIBILITY IN NATIONAL LIFE\u201d<\/strong><\/h5><h6>\u00a0<\/h6><h5>The beginnings<\/h5><p>I was born in Tandil on January 5, 1948 into a family of Spanish origin. My grandparents came from the Almer\u00eda region. My father, Dami\u00e1n, was a teacher at a border school in Neuqu\u00e9n and died in a snowfall at the age of twenty-three, when I was barely three months old. My mother, Dolores, took care of my upbringing as an only child. She worked as a teacher and she knew how to mark me with her attitude towards work. My childhood was humble, although I never lacked for anything. Thanks to a scholarship, I was able to study in primary school at the San Jos\u00e9 de Tandil school. Later, between '61 and '66, I attended secondary school at the National School of Technical Education in the city. I chose industrial training under the influence of my paternal uncles, with whom I spent the summer holidays in C\u00f3rdoba. They had a motorcycle workshop, and they instilled in me a passion for irons. I was a standard-bearer and president of the student group. My secondary education was crowned with a cruise study trip to Brazil. I keep beautiful memories of youth in an active city like Tandil, of the assaults that we organized in family homes. There, in my student days, I met Norma, my wife. I was sixteen and she was fourteen. I was always very sporty. I played soccer, and I even got to play professionally for the Ram\u00f3n Santamarina club. I also excelled in athletics.<\/p><h5>The beginnings in metallurgy<\/h5><p>I started working at a very young age, while I was in the last years of primary school. My first job was repairing rollers. I used to go to the hairdressers in Tandil on my bicycle, picking up damaged curlers, repairing them and returning them. With that he made me a few pesos.<\/p><p>I had my first industrial job when I was finishing 3rd year of high school. I entered the engineering area of Metal\u00fargica Tandil. When I finished high school, I moved to C\u00f3rdoba to study Metallurgical Engineering at the National Technological University. I started in '67, in the midst of a strong student effervescence. I lived the Cordobazo from within, from a position of great involvement.<\/p><p>While I was studying, I started working at LOFRAH, the most important foundry in C\u00f3rdoba. I started in the engineering area and retired after seven years, already graduated from college, as the company's technology manager. Mario Franzosi, one of the owners, marked me a lot for the rest of my business life.<\/p><h5>An industrial project<\/h5><p>In 1971, when I was only twenty-two years old, I founded PRODISMO S.R.L., along with five other partners. We pooled everyone's Christmas bonuses, bought a lathe and a milling machine, and began to make models. Our first client was LOFRAH, the company where we worked, who supported the initiative and gave us great help during the early days.\u00a0<span style=\"letter-spacing: 0px\">Five years later, we already had our own building, important machines and\u00a0<\/span><span style=\"letter-spacing: 0px\">a team of about 50 people. Two of the founding partners had withdrawn shortly after starting. In June of '79, the last three left. I was left alone, with a staff of about twenty employees, the machines and the company name. Those were difficult times, of great loneliness. All the responsibility rested on my shoulders. But it didn't discourage me. My objective was clear: I wanted to make an industry.<\/span><\/p><p>At that time, I started with the manufacture of tooling for the aeronautical industry, participating in different projects of the Argentine Aircraft Factory, such as Pampa, Pucar\u00e1 and CBA 123 (ARG - BR). We provided fixtures, dies, molds and other capital goods for specific use for different parts of the aircraft. Those tasks allowed us to overcome the difficult times of Mart\u00ednez de Hoz, when the metallurgical industry suffered serious difficulties due to the commercial opening.<\/p><p>The return of democracy, in 1983, meant the cancellation of the aeronautical projects for which we worked. So we had to go looking for new clients. We find them in automotive companies throughout the region. We completed our first export to Venezuela, in '83, and to Brazil, in '85. Then Mexico joined. My vision was to focus on exports. At that time, 70 percent of our production was sold abroad.<\/p><p>In 1994, we were selected representatives of FANUC ROBOTICS in Argentina, which later gave rise to a partnership with the North American company PICO, the world's largest manufacturer of assembly lines for bodywork. The intention was to develop joint projects in Mercosur, although we also export to Europe. The partnership was later dissolved, but it was very important for allowing us access to world-class technology.<\/p><h5>The great crisis<\/h5><p>The 2001 crisis was a debacle for the metallurgical industry. That year, everything stopped suddenly. Fortunately, he found us with a very important contract for the supply of tooling for Ford of Brazil and that was what saved us from general paralysis. That same year, we bet on international growth, setting up a factory in the city of Puebla, in Mexico, to serve Volkswagen production. I used to travel to Mexico once a month. My passport attests to 166 trips to Mexico in twenty-five years. My son Dami\u00e1n was in charge of that factory. Although finally, we got rid of that project and rented the factory in Mexico to a German company. It was more a family decision than a business one. Being away implied a great sacrifice on an emotional and family level.<\/p><h5>PRODISMO, today<\/h5><p>At the beginning of the '80s. PRODISMO worked in a small warehouse on a one-hectare piece of land. Today, we have an 8,000-meter workshop, on a 21-hectare property next to the C\u00f3rdoba airport. We have a staff of 160 people, which reaches 300 if we add those who work in the workshops where we have outsourced part of our production.<\/p><p>Our product lines are the same as those of our first days: moulds, dies and assembly lines, capital goods for specific use for the automotive, aeronautical and home appliance industries. We have had many invitations to venture into component production, and we have always declined. For us, it has always been a priority to stay focused.<\/p><p>My vision of the business always sought a balance in sales to our three main markets: Argentina, Brazil and Mexico. But today, most of our production is sold in Argentina. In our sector, there is a strong increase in competitive intensity. Most of the Mexican auto parts companies already have purchasing offices in Asia. It is very difficult to sell products from Argentina, due to the increase in internal costs that we have suffered in recent years.<\/p><p>China is a ghost that weighs on all companies in our industry. Traditionally, 45 percent of our production was dies and 20 percent welding lines. Those proportions were inverted. Today, 50 percent of our sales are welding lines; 30 percent, matrices; and 20 percent, molds for aluminum injection. It is that, in the parent companies, the Chinese competition is almost invincible, due to the volumes and levels of costs that they handle.<\/p><h5>The business style: technology and talent management<\/h5><p>My role in the company has always been linked to knowledge of the business, production and technology. I never handled finances. A critical activity was the formation of a structure with talented and trusted people. Many of our collaborators began as university interns, even before the internship law existed. Some of our managers were my children's classmates from kindergarten through college. It is that people are the pillar of this business. In this activity you have to create every day. For this reason, we make sure to recruit the best in the different technical institutes of C\u00f3rdoba.<\/p><p>The other pillar of this business is technology. Since 2004, we have an agreement with the Spanish engineering company INGEMAT, to develop joint projects in Mercosur and Latin America, basically with regard to clinching technology for moving parts, such as doors, hoods and trunks.<\/p><h5>Business unionism<\/h5><p>I have always been involved in business union activities, in the different associations of my province. I started at the C\u00f3rdoba Chamber of Metallurgical and Components Industrialists. In Alfons\u00edn's time, I was the founder of the C\u00f3rdoba Metallurgical Export Consortium, and I participated in the guidelines for the founding of ProC\u00f3rdoba, which promotes Cordoba production for international markets.<\/p><p>From my role as a business union member, I warn that we are concerned about the competition from Chinese imports. For this reason, in 2010, with different<br \/>Colleague companies in our field formed the Argentine Chamber of Dies and Molds (CAMYM), which I preside over today, and which serves us to join forces in the search for promotion policies for our sector. From this chamber, I participate in ADIMRA.<\/p><p>The business community has a maximum responsibility in national life. Entrepreneurs have to be the controllers of politics. Politicians are transitory, companies have to last. And for this we have to unite.<\/p><h5>The legacy<\/h5><p>My wife Norma deserves a special section in this story. If I was able to do everything I did, it was because of her unconditional support. She always took care of all the activities of the house with love and dedication. With her, we had four children: Mar\u00eda, Dami\u00e1n, Bel\u00e9n, Alejandro, whom everyone calls Jano. They gave me eleven grandchildren.\u00a0<\/p><p>Three of my four children work at PRODISMO. Mar\u00eda, the eldest, is in charge of institutional relations. Dami\u00e1n, who was in charge of our factory in Mexico, today is responsible for all operations. Jano, for his part, is the financial director. They will have the responsibility of leading the company into the future, following our tradition of excellence in molds, dies, and assembly lines, with great technological content.<\/p>\t\t\n\t<\/div>\n<\/div>\t\t<\/div>\n\t\t\t\t<\/div>\n\t\t            <\/div>\n        <\/div>\n                            <\/div>\n        <\/section>\n                <section class=\"elementor-section elementor-top-section elementor-element elementor-element-2d5c345 elementor-section-boxed elementor-section-height-default elementor-section-height-default ct-header-fixed-none ct-column-none ct-row-scroll-none ct-row-gradient--none ct-row-container--default\" data-id=\"2d5c345\" data-element_type=\"section\">\n            \n                        <div class=\"elementor-container elementor-column-gap-default\">\n                    <div class=\"elementor-column elementor-col-100 elementor-top-column elementor-element elementor-element-2bc94c7 ct-column-none col-offset-none\" data-id=\"2bc94c7\" data-element_type=\"column\">\n            <div class=\"elementor-widget-wrap elementor-element-populated\">\n                        \t\t<div class=\"elementor-element elementor-element-afbb19c elementor-widget elementor-widget-ct_image\" data-id=\"afbb19c\" data-element_type=\"widget\" data-widget_type=\"ct_image.default\">\n\t\t\t\t<div class=\"elementor-widget-container\">\n\t\t\t<div class=\"ct-image-single\" data-width=\"\" data-height=\"\" data-wow-delay=\"ms\">\r\n            <div class=\"ct-image-single--inner\">\r\n                            <img decoding=\"async\" width=\"881\" height=\"589\" src=\"https:\/\/prodismo.com\/wp-content\/uploads\/2022\/07\/alejandro-pedrosa-familia.jpg\" class=\"no-lazyload img-main attachment-full\" alt=\"alejandro-pedrosa-familia\" \/>                    <\/div>\r\n    <\/div>\t\t<\/div>\n\t\t\t\t<\/div>\n\t\t\t\t<div class=\"elementor-element elementor-element-b737274 elementor-widget elementor-widget-ct_text_editor\" data-id=\"b737274\" data-element_type=\"widget\" data-widget_type=\"ct_text_editor.default\">\n\t\t\t\t<div class=\"elementor-widget-container\">\n\t\t\t<div id=\"ct_text_editor-b737274\" class=\"ct-text-editor\" data-wow-delay=\"ms\">\n\t<div class=\"ct-inline-css\"  data-css=\"        \t\t\">\n\n    <\/div>\n\t<div class=\"ct-text-editor-inner elementor-clearfix\">\n\t\t<p>I never worked less than twelve hours a day. But I'm not complaining. Work is the culture that I acquired since childhood, when I repaired curling irons in my native Tandil. My activity as an entrepreneur has also given me enormous satisfaction, such as the possibility of discovering the world. And I have had the honor of being named honorary consul by the Mexican government for C\u00f3rdoba, Santa Fe, Santiago del Estero and Catamarca. My daughter Bel\u00e9n is the secretary of the consulate in C\u00f3rdoba.<\/p><p>I arrived in C\u00f3rdoba without money. I grew thanks to work and effort. I was able to build a renowned company, and I have been the industrial and technological father of many young people who worked and work alongside me. Personally, I have been able to found a family of which I am enormously proud. I believe that the last name is the most important thing that a person leaves behind. And Pedrosa has earned respect in the different communities where he participates. That is the mark I would like to leave.<\/p>\t\t\n\t<\/div>\n<\/div>\t\t<\/div>\n\t\t\t\t<\/div>\n\t\t            <\/div>\n        <\/div>\n                            <\/div>\n        <\/section>\n        \t\t\t\t\t<\/div>","protected":false},"excerpt":{"rendered":"<p>ADIMRA \u2013 Noviembre 2011 \u201cEL EMPRESARIADO TIENE UNA M\u00c1XIMA RESPONSABILIDAD EN LA VIDA NACIONAL\u201d Los or\u00edgenes Nac\u00ed en Tandil el 5 de enero de 1948 en una familia de origen espa\u00f1ol. Mis abuelos llegaron desde la regi\u00f3n de Almer\u00eda. Mi padre, Dami\u00e1n, era maestro en una escuela de frontera de Neuqu\u00e9n y falleci\u00f3 en una [&hellip;]<\/p>","protected":false},"author":1,"featured_media":0,"parent":0,"menu_order":0,"comment_status":"closed","ping_status":"closed","template":"","meta":{"footnotes":""},"class_list":["post-14915","page","type-page","status-publish","hentry"],"_links":{"self":[{"href":"https:\/\/prodismo.com\/en\/wp-json\/wp\/v2\/pages\/14915","targetHints":{"allow":["GET"]}}],"collection":[{"href":"https:\/\/prodismo.com\/en\/wp-json\/wp\/v2\/pages"}],"about":[{"href":"https:\/\/prodismo.com\/en\/wp-json\/wp\/v2\/types\/page"}],"author":[{"embeddable":true,"href":"https:\/\/prodismo.com\/en\/wp-json\/wp\/v2\/users\/1"}],"replies":[{"embeddable":true,"href":"https:\/\/prodismo.com\/en\/wp-json\/wp\/v2\/comments?post=14915"}],"version-history":[{"count":17,"href":"https:\/\/prodismo.com\/en\/wp-json\/wp\/v2\/pages\/14915\/revisions"}],"predecessor-version":[{"id":15965,"href":"https:\/\/prodismo.com\/en\/wp-json\/wp\/v2\/pages\/14915\/revisions\/15965"}],"wp:attachment":[{"href":"https:\/\/prodismo.com\/en\/wp-json\/wp\/v2\/media?parent=14915"}],"curies":[{"name":"wp","href":"https:\/\/api.w.org\/{rel}","templated":true}]}}