                                                                                                                {"id":14630,"date":"2022-06-02T11:10:41","date_gmt":"2022-06-02T14:10:41","guid":{"rendered":"https:\/\/prodismo.com\/?page_id=14630"},"modified":"2023-03-14T12:08:19","modified_gmt":"2023-03-14T15:08:19","slug":"timeline","status":"publish","type":"page","link":"https:\/\/prodismo.com\/en\/timeline\/","title":{"rendered":"Timeline"},"content":{"rendered":"<div data-elementor-type=\"wp-page\" data-elementor-id=\"14630\" class=\"elementor elementor-14630\">\n\t\t\t\t\t\t\t        <section class=\"elementor-section elementor-top-section elementor-element elementor-element-bbcc21e elementor-section-boxed elementor-section-height-default elementor-section-height-default ct-header-fixed-none ct-column-none ct-row-scroll-none ct-row-gradient--none ct-row-container--default\" data-id=\"bbcc21e\" data-element_type=\"section\">\n            \n                        <div class=\"elementor-container elementor-column-gap-default\">\n                    <div class=\"elementor-column elementor-col-100 elementor-top-column elementor-element elementor-element-d0db4d1 ct-column-none col-offset-none\" data-id=\"d0db4d1\" data-element_type=\"column\">\n            <div class=\"elementor-widget-wrap elementor-element-populated\">\n                        \t\t<div class=\"elementor-element elementor-element-8ca7f5c elementor-widget elementor-widget-mdp-timeliner-elementor\" data-id=\"8ca7f5c\" data-element_type=\"widget\" data-widget_type=\"mdp-timeliner-elementor.default\">\n\t\t\t\t<div class=\"elementor-widget-container\">\n\t\t\t\n        <!-- Start Timeliner WordPress Plugin -->\n\n        <div id=\"mdp-timeline-8ca7f5c\" class=\"timeline mdp-timeline-8ca7f5c\">\n            <div class=\"timeline__wrap\">\n                <div class=\"timeline__items\">\n                    \n       <div class=\"timeline__item\">\n            <div class=\"timeline__content\">\n                \n        <img decoding=\"async\" src=\"\"\n             class=\"mdp-timeliner-image\"\n             alt=\"\"\/>\n\n                <h3 class=\"mdp-timeliner-title\">\n            <span><\/span>\n            1983            <span><\/span>\n        <\/h3>\n            <p class=\"mdp-timeliner-description\">\n            <span><\/span>\n            First export to Venezuela            <span><\/span>\n        <\/p>\n              <\/div>\n       <\/div>\n\n    \n       <div class=\"timeline__item\">\n            <div class=\"timeline__content\">\n                \n        <img decoding=\"async\" src=\"https:\/\/prodismo.com\/wp-content\/uploads\/2022\/06\/13.png\"\n             class=\"mdp-timeliner-image\"\n             alt=\"\"\/>\n\n                <h3 class=\"mdp-timeliner-title\">\n            <span><\/span>\n            1995            <span><\/span>\n        <\/h3>\n            <p class=\"mdp-timeliner-description\">\n            <span><\/span>\n            Alliance with Fanuc            <span><\/span>\n        <\/p>\n              <\/div>\n       <\/div>\n\n    \n       <div class=\"timeline__item\">\n            <div class=\"timeline__content\">\n                \n        <img decoding=\"async\" src=\"\"\n             class=\"mdp-timeliner-image\"\n             alt=\"\"\/>\n\n                <h3 class=\"mdp-timeliner-title\">\n            <span><\/span>\n            1996            <span><\/span>\n        <\/h3>\n            <p class=\"mdp-timeliner-description\">\n            <span><\/span>\n            Start of plant operations devices            <span><\/span>\n        <\/p>\n              <\/div>\n       <\/div>\n\n    \n       <div class=\"timeline__item\">\n            <div class=\"timeline__content\">\n                \n        <img decoding=\"async\" src=\"https:\/\/prodismo.com\/wp-content\/uploads\/2022\/06\/14.png\"\n             class=\"mdp-timeliner-image\"\n             alt=\"\"\/>\n\n                <h3 class=\"mdp-timeliner-title\">\n            <span><\/span>\n            1997            <span><\/span>\n        <\/h3>\n            <p class=\"mdp-timeliner-description\">\n            <span><\/span>\n            Strategic alliance with Progressive Tool &amp; Co.            <span><\/span>\n        <\/p>\n              <\/div>\n       <\/div>\n\n    \n       <div class=\"timeline__item\">\n            <div class=\"timeline__content\">\n                \n        <img decoding=\"async\" src=\"https:\/\/prodismo.com\/wp-content\/uploads\/2022\/06\/15.png\"\n             class=\"mdp-timeliner-image\"\n             alt=\"\"\/>\n\n                <h3 class=\"mdp-timeliner-title\">\n            <span><\/span>\n            2000            <span><\/span>\n        <\/h3>\n            <p class=\"mdp-timeliner-description\">\n            <span><\/span>\n            Constitution of Trhemsa, start of formation            <span><\/span>\n        <\/p>\n              <\/div>\n       <\/div>\n\n    \n       <div class=\"timeline__item\">\n            <div class=\"timeline__content\">\n                \n        <img decoding=\"async\" src=\"https:\/\/prodismo.com\/wp-content\/uploads\/2022\/06\/12.png\"\n             class=\"mdp-timeliner-image\"\n             alt=\"\"\/>\n\n                <h3 class=\"mdp-timeliner-title\">\n            <span><\/span>\n            2001            <span><\/span>\n        <\/h3>\n            <p class=\"mdp-timeliner-description\">\n            <span><\/span>\n            Start of operations in Mexico            <span><\/span>\n        <\/p>\n              <\/div>\n       <\/div>\n\n    \n       <div class=\"timeline__item\">\n            <div class=\"timeline__content\">\n                \n        <img decoding=\"async\" src=\"https:\/\/prodismo.com\/wp-content\/uploads\/2022\/06\/16.png\"\n             class=\"mdp-timeliner-image\"\n             alt=\"\"\/>\n\n                <h3 class=\"mdp-timeliner-title\">\n            <span><\/span>\n            2002            <span><\/span>\n        <\/h3>\n            <p class=\"mdp-timeliner-description\">\n            <span><\/span>\n            Prodismo do Brasil Constitution            <span><\/span>\n        <\/p>\n              <\/div>\n       <\/div>\n\n    \n       <div class=\"timeline__item\">\n            <div class=\"timeline__content\">\n                \n        <img decoding=\"async\" src=\"\"\n             class=\"mdp-timeliner-image\"\n             alt=\"\"\/>\n\n                <h3 class=\"mdp-timeliner-title\">\n            <span><\/span>\n            2005            <span><\/span>\n        <\/h3>\n            <p class=\"mdp-timeliner-description\">\n            <span><\/span>\n            Unification of operations at the Av Jap\u00f3n plant            <span><\/span>\n        <\/p>\n              <\/div>\n       <\/div>\n\n    \n       <div class=\"timeline__item\">\n            <div class=\"timeline__content\">\n                \n        <img decoding=\"async\" src=\"\"\n             class=\"mdp-timeliner-image\"\n             alt=\"\"\/>\n\n                <h3 class=\"mdp-timeliner-title\">\n            <span><\/span>\n            2006            <span><\/span>\n        <\/h3>\n            <p class=\"mdp-timeliner-description\">\n            <span><\/span>\n            Consolidation, growth, technology transfer            <span><\/span>\n        <\/p>\n              <\/div>\n       <\/div>\n\n                    <\/div>\n            <\/div>\n        <\/div>\n\n        <script>\n                        document.addEventListener(\"DOMContentLoaded\", function() {\n            \n            window.MDPTimeliner_8ca7f5c = function () {\n                \n                                jQuery('#mdp-timeline-8ca7f5c').timeline({\n                    mode: 'horizontal',\n                    horizontalStartPosition: 'top',\n                    moveItems: '6',\n                    rtlMode: false,\n                    startIndex: 0,\n                    forceVerticalMode: 800,\n                    visibleItems: 6,\n                } );\n                            }\n\n            window.MDPTimeliner_8ca7f5c();\n\n                        } );\n                    <\/script>\n\n        <!-- End Timeliner WordPress Plugin -->\n\n\t    \t\t<\/div>\n\t\t\t\t<\/div>\n\t\t            <\/div>\n        <\/div>\n                            <\/div>\n        <\/section>\n        \t\t\t\t\t<\/div>","protected":false},"excerpt":{"rendered":"<p>1983 Primera exportaci\u00f3n a Venezuela 1995 Alianza con Fanuc 1996 Inicio operaciones en planta dispositivos 1997 Alianza estrat\u00e9gica con Progressive Tool &amp; Co. 2000 Constituci\u00f3n de Trhemsa, inicio formaci\u00f3n 2001 Inicio operaciones en M\u00e9xico 2002 Constituci\u00f3n Prodismo do Brasil 2005 Unificaci\u00f3n de operaciones en planta Av Jap\u00f3n 2006 Consolidaci\u00f3n, crecimiento, transferencia de tecnolog\u00eda<\/p>","protected":false},"author":1,"featured_media":0,"parent":0,"menu_order":0,"comment_status":"closed","ping_status":"closed","template":"","meta":{"footnotes":""},"class_list":["post-14630","page","type-page","status-publish","hentry"],"_links":{"self":[{"href":"https:\/\/prodismo.com\/en\/wp-json\/wp\/v2\/pages\/14630","targetHints":{"allow":["GET"]}}],"collection":[{"href":"https:\/\/prodismo.com\/en\/wp-json\/wp\/v2\/pages"}],"about":[{"href":"https:\/\/prodismo.com\/en\/wp-json\/wp\/v2\/types\/page"}],"author":[{"embeddable":true,"href":"https:\/\/prodismo.com\/en\/wp-json\/wp\/v2\/users\/1"}],"replies":[{"embeddable":true,"href":"https:\/\/prodismo.com\/en\/wp-json\/wp\/v2\/comments?post=14630"}],"version-history":[{"count":8,"href":"https:\/\/prodismo.com\/en\/wp-json\/wp\/v2\/pages\/14630\/revisions"}],"predecessor-version":[{"id":15590,"href":"https:\/\/prodismo.com\/en\/wp-json\/wp\/v2\/pages\/14630\/revisions\/15590"}],"wp:attachment":[{"href":"https:\/\/prodismo.com\/en\/wp-json\/wp\/v2\/media?parent=14630"}],"curies":[{"name":"wp","href":"https:\/\/api.w.org\/{rel}","templated":true}]}}